{"id":350,"date":"2021-06-05T15:35:23","date_gmt":"2021-06-05T15:35:23","guid":{"rendered":"https:\/\/artyreview.com\/a-propos-de-arty-review"},"modified":"2022-02-14T22:53:59","modified_gmt":"2022-02-14T20:53:59","slug":"a-propos-de-arty-review","status":"publish","type":"page","link":"https:\/\/straykeyframe.com\/fr\/a-propos-de-arty-review","title":{"rendered":"\u00c0 propos de David &amp; ArtyPassion"},"content":{"rendered":"\n<div class=\"wp-block-image\"><figure class=\"alignleft size-thumbnail\"><img decoding=\"async\" width=\"150\" height=\"150\" src=\"https:\/\/straykeyframe.com\/wp-content\/uploads\/2020\/09\/avatar1-150x150.jpg\" alt=\"David Thomas\" class=\"wp-image-43\" srcset=\"https:\/\/straykeyframe.com\/wp-content\/uploads\/2020\/09\/avatar1-150x150.jpg 150w, https:\/\/straykeyframe.com\/wp-content\/uploads\/2020\/09\/avatar1-300x300.jpg 300w, https:\/\/straykeyframe.com\/wp-content\/uploads\/2020\/09\/avatar1-1024x1024.jpg 1024w, https:\/\/straykeyframe.com\/wp-content\/uploads\/2020\/09\/avatar1-768x768.jpg 768w, https:\/\/straykeyframe.com\/wp-content\/uploads\/2020\/09\/avatar1-1536x1536.jpg 1536w, https:\/\/straykeyframe.com\/wp-content\/uploads\/2020\/09\/avatar1-2048x2048.jpg 2048w, https:\/\/straykeyframe.com\/wp-content\/uploads\/2020\/09\/avatar1-800x800.jpg 800w, https:\/\/straykeyframe.com\/wp-content\/uploads\/2020\/09\/avatar1-scaled.jpg 1600w\" sizes=\"(max-width: 150px) 100vw, 150px\" \/><\/figure><\/div>\n\n\n\n<p>Je m&rsquo;appelle David Thomas, je suis animateur 3D <a href=\"https:\/\/fr.wikipedia.org\/wiki\/Gallois_(peuple)\" target=\"_blank\" rel=\"noreferrer noopener\">gallois<\/a> et j&rsquo;ai travaill\u00e9 professionnellement dans l&rsquo;animation de personnages de longs m\u00e9trages pendant la majeure partie de ma carri\u00e8re en France. Dans mon travail quotidien, j&rsquo;anime des personnages de toutes sortes. Parmi les entreprises pour lesquelles j&rsquo;ai travaill\u00e9 figurent Illumination Mac Guff, Mikros Image, Mac Guff Ligne, Jungler et Fortiche Productions. Certains des projets pour lesquels vous verrez mon nom au g\u00e9n\u00e9rique sont Arcane: League Of Legends (la s\u00e9rie Netflix), The Secret Life Of Pets, Sherlock Gnomes, Sam Sam, ainsi que quelques autres ( <a rel=\"noreferrer noopener\" href=\"https:\/\/www.imdb.com\/name\/nm7384865\/\" target=\"_blank\">mon IMDB est ici<\/a> ) . Si vous voulez en savoir plus sur la fa\u00e7on dont je suis devenu animateur, j&rsquo;en ai parl\u00e9 un peu plus dans <a href=\"https:\/\/straykeyframe.com\/fr\/comment-devenir-animateur-3d-ecrit-par-un-animateur-des-longues-metrages\" data-type=\"post\" data-id=\"499\">cet article sur comment devenir animateur<\/a> .<\/p>\n\n\n\n<p>Je n&rsquo;ai commenc\u00e9 \u00e0 apprendre le fran\u00e7ais qu&rsquo;en 2015 mais je vis en France de mani\u00e8re permanente, c&rsquo;est pourquoi ce site est bilingue.&nbsp;Bien que je profite de cette occasion pour am\u00e9liorer mon fran\u00e7ais, j&rsquo;esp\u00e8re que vous trouverez le contenu du site int\u00e9ressant !<\/p>\n\n\n\n<p>Ceci est ma bande-demo d&rsquo;animation la plus r\u00e9cente:<\/p>\n\n\n\n<figure class=\"wp-block-embed is-type-video is-provider-vimeo wp-block-embed-vimeo\"><div class=\"wp-block-embed__wrapper\">\n<div class=\"ast-oembed-container\" style=\"height: 100%;\"><iframe title=\"David Thomas - Arcane Animation Showreel (Season 1)\" src=\"https:\/\/player.vimeo.com\/video\/663107106?h=dd97dd3d1f&amp;dnt=1&amp;app_id=122963\" width=\"500\" height=\"264\" frameborder=\"0\" allow=\"autoplay; fullscreen; picture-in-picture\" allowfullscreen><\/iframe><\/div>\n<\/div><\/figure>\n\n\n\n<p>J&rsquo;ai \u00e9galement travaill\u00e9 dans le domaine de la conception graphique et j&rsquo;ai obtenu un dipl\u00f4me en communication graphique \/ illustration. La musique est une autre de mes passions et j&rsquo;essaye d&rsquo;\u00e9crire de la fiction de temps en temps (c&rsquo;est pas aussi bien pour partager)! J&rsquo;aime faire des trucs arty. Trop de trucs arty. Il y a tellement de trucs arty que je ne peux rien faire avec la moiti\u00e9. C&rsquo;est l\u00e0 que ce site Web entre en jeu.<\/p>\n\n\n\n<p>La raison pour laquelle ce site existe est que dans ma vie professionnelle, je suis un sp\u00e9cialiste de l&rsquo;animation et je voulais un endroit pour exp\u00e9rimenter toutes les autres choses artistiques qui m&rsquo;int\u00e9ressent. Plut\u00f4t qu&rsquo;un simple portfolio d&rsquo;artistes, j&rsquo;esp\u00e8re que ce site Web pourra \u00eatre une ressource pour ceux qui s&rsquo;int\u00e9ressent aux m\u00eames choses que moi. Je partagerai mon travail ici, mais j&rsquo;\u00e9crirai \u00e9galement des critiques sur le mat\u00e9riel d&rsquo;art, des tutoriels et des articles sur l&rsquo;art.<\/p>\n\n\n\n<h2 class=\"wp-block-heading\">\u00c0 qui s&rsquo;adresse ce site web ?<\/h2>\n\n\n\n<p>Ce site est destin\u00e9 \u00e0 tous ceux qui aiment les choses artistiques. Si vous aimez les trucs arty, vous aimerez probablement ce site. Si vous aimez l&rsquo;animation, vous aimerez encore plus ce site.<\/p>\n\n\n\n<h2 class=\"wp-block-heading\">Puis-je utiliser votre art?<\/h2>\n\n\n\n<p>Vous ne pouvez pas redistribuer, republier ou utiliser tout art ou graphique de ce site Web sans ma permission. S&rsquo;il y a quelque chose que vous aimeriez faire r\u00e9f\u00e9rence, envoyez-moi un e-mail et je l&rsquo;examinerai.<\/p>\n","protected":false},"excerpt":{"rendered":"<p>Je m&rsquo;appelle David Thomas, je suis animateur 3D gallois et j&rsquo;ai travaill\u00e9 professionnellement dans l&rsquo;animation de personnages de longs m\u00e9trages &hellip;<\/p>\n<p class=\"read-more\"> <a class=\"ast-button\" href=\"https:\/\/straykeyframe.com\/fr\/a-propos-de-arty-review\"> <span class=\"screen-reader-text\">\u00c0 propos de David &amp; ArtyPassion<\/span> Lire la suite \u00bb<\/a><\/p>\n","protected":false},"author":1,"featured_media":0,"parent":0,"menu_order":0,"comment_status":"closed","ping_status":"closed","template":"","meta":{"_seopress_robots_primary_cat":"","_seopress_titles_title":"","_seopress_titles_desc":"","_seopress_robots_index":"","_uag_custom_page_level_css":"","site-sidebar-layout":"default","site-content-layout":"default","ast-global-header-display":"","ast-main-header-display":"","ast-hfb-above-header-display":"","ast-hfb-below-header-display":"","ast-hfb-mobile-header-display":"","site-post-title":"","ast-breadcrumbs-content":"","ast-featured-img":"","footer-sml-layout":"","theme-transparent-header-meta":"","adv-header-id-meta":"","stick-header-meta":"","header-above-stick-meta":"","header-main-stick-meta":"","header-below-stick-meta":""},"acf":[],"uagb_featured_image_src":{"full":false,"thumbnail":false,"medium":false,"medium_large":false,"large":false,"1536x1536":false,"2048x2048":false},"uagb_author_info":{"display_name":"David Thomas","author_link":"https:\/\/straykeyframe.com\/fr\/author\/davidt"},"uagb_comment_info":0,"uagb_excerpt":"Je m&rsquo;appelle David Thomas, je suis animateur 3D gallois et j&rsquo;ai travaill\u00e9 professionnellement dans l&rsquo;animation de personnages de longs m\u00e9trages &hellip; \u00c0 propos de David &amp; ArtyPassion Lire la suite \u00bb","_links":{"self":[{"href":"https:\/\/straykeyframe.com\/fr\/wp-json\/wp\/v2\/pages\/350"}],"collection":[{"href":"https:\/\/straykeyframe.com\/fr\/wp-json\/wp\/v2\/pages"}],"about":[{"href":"https:\/\/straykeyframe.com\/fr\/wp-json\/wp\/v2\/types\/page"}],"author":[{"embeddable":true,"href":"https:\/\/straykeyframe.com\/fr\/wp-json\/wp\/v2\/users\/1"}],"replies":[{"embeddable":true,"href":"https:\/\/straykeyframe.com\/fr\/wp-json\/wp\/v2\/comments?post=350"}],"version-history":[{"count":15,"href":"https:\/\/straykeyframe.com\/fr\/wp-json\/wp\/v2\/pages\/350\/revisions"}],"predecessor-version":[{"id":1050,"href":"https:\/\/straykeyframe.com\/fr\/wp-json\/wp\/v2\/pages\/350\/revisions\/1050"}],"wp:attachment":[{"href":"https:\/\/straykeyframe.com\/fr\/wp-json\/wp\/v2\/media?parent=350"}],"curies":[{"name":"wp","href":"https:\/\/api.w.org\/{rel}","templated":true}]}}